{"id":122,"date":"2019-12-11T16:33:41","date_gmt":"2019-12-11T16:33:41","guid":{"rendered":"https:\/\/dulces.mx\/?post_type=product&#038;p=122"},"modified":"2022-10-25T04:36:51","modified_gmt":"2022-10-25T04:36:51","slug":"mazapan-de-la-rosa","status":"publish","type":"product","link":"https:\/\/dulces.mx\/?product=mazapan-de-la-rosa","title":{"rendered":"Mazap\u00e1n de la Rosa"},"content":{"rendered":"<h1>Mazap\u00e1n\u00a0 de la Rosa estilo mexicano.<\/h1>\n<h2>Suave dulce hecho a base de rico cacahuete pulverizado (28 g.).<\/h2>\n<p>Env\u00edos a todo M\u00e9xico, Estados Unidos y Europa.<\/p>\n","protected":false},"excerpt":{"rendered":"<p>Mazap\u00e1n de la Rosa estilo mexicano.<\/p>\n","protected":false},"featured_media":788,"template":"","meta":[],"product_cat":[54,28],"product_tag":[],"class_list":{"0":"post-122","1":"product","2":"type-product","3":"status-publish","4":"has-post-thumbnail","6":"product_cat-dulces-de-hidalgo","7":"product_cat-dulces-de-yucatan","9":"first","10":"instock","11":"shipping-taxable","12":"purchasable","13":"product-type-simple"},"yoast_head":"<!-- This site is optimized with the Yoast SEO plugin v24.9 - https:\/\/yoast.com\/wordpress\/plugins\/seo\/ -->\n<title>Mazap\u00e1n de la Rosa - Compra Dulces T\u00edpicos Mexicanos, env\u00edos a MX, USA y EU | Dulces.mx<\/title>\n<meta name=\"robots\" content=\"index, follow, max-snippet:-1, max-image-preview:large, max-video-preview:-1\" \/>\n<link rel=\"canonical\" href=\"https:\/\/dulces.mx\/?product=mazapan-de-la-rosa\" \/>\n<meta property=\"og:locale\" content=\"es_MX\" \/>\n<meta property=\"og:type\" content=\"article\" \/>\n<meta property=\"og:title\" content=\"Mazap\u00e1n de la Rosa - Compra Dulces T\u00edpicos Mexicanos, env\u00edos a MX, USA y EU | Dulces.mx\" \/>\n<meta property=\"og:description\" content=\"Mazap\u00e1n de la Rosa estilo mexicano.\" \/>\n<meta property=\"og:url\" content=\"https:\/\/dulces.mx\/?product=mazapan-de-la-rosa\" \/>\n<meta property=\"og:site_name\" content=\"Compra Dulces T\u00edpicos Mexicanos, env\u00edos a MX, USA y EU | Dulces.mx\" \/>\n<meta property=\"article:modified_time\" content=\"2022-10-25T04:36:51+00:00\" \/>\n<meta property=\"og:image\" content=\"https:\/\/dulces.mx\/wp-content\/uploads\/2019\/12\/Mazapan-Mexico-1.jpg\" \/>\n\t<meta property=\"og:image:width\" content=\"458\" \/>\n\t<meta property=\"og:image:height\" content=\"458\" \/>\n\t<meta property=\"og:image:type\" content=\"image\/jpeg\" \/>\n<meta name=\"twitter:card\" content=\"summary_large_image\" \/>\n<script type=\"application\/ld+json\" class=\"yoast-schema-graph\">{\"@context\":\"https:\/\/schema.org\",\"@graph\":[{\"@type\":\"WebPage\",\"@id\":\"https:\/\/dulces.mx\/?product=mazapan-de-la-rosa\",\"url\":\"https:\/\/dulces.mx\/?product=mazapan-de-la-rosa\",\"name\":\"Mazap\u00e1n de la Rosa - Compra Dulces T\u00edpicos Mexicanos, env\u00edos a MX, USA y EU | Dulces.mx\",\"isPartOf\":{\"@id\":\"https:\/\/dulces.mx\/#website\"},\"primaryImageOfPage\":{\"@id\":\"https:\/\/dulces.mx\/?product=mazapan-de-la-rosa#primaryimage\"},\"image\":{\"@id\":\"https:\/\/dulces.mx\/?product=mazapan-de-la-rosa#primaryimage\"},\"thumbnailUrl\":\"https:\/\/dulces.mx\/wp-content\/uploads\/2019\/12\/Mazapan-Mexico-1.jpg\",\"datePublished\":\"2019-12-11T16:33:41+00:00\",\"dateModified\":\"2022-10-25T04:36:51+00:00\",\"breadcrumb\":{\"@id\":\"https:\/\/dulces.mx\/?product=mazapan-de-la-rosa#breadcrumb\"},\"inLanguage\":\"es\",\"potentialAction\":[{\"@type\":\"ReadAction\",\"target\":[\"https:\/\/dulces.mx\/?product=mazapan-de-la-rosa\"]}]},{\"@type\":\"ImageObject\",\"inLanguage\":\"es\",\"@id\":\"https:\/\/dulces.mx\/?product=mazapan-de-la-rosa#primaryimage\",\"url\":\"https:\/\/dulces.mx\/wp-content\/uploads\/2019\/12\/Mazapan-Mexico-1.jpg\",\"contentUrl\":\"https:\/\/dulces.mx\/wp-content\/uploads\/2019\/12\/Mazapan-Mexico-1.jpg\",\"width\":458,\"height\":458},{\"@type\":\"BreadcrumbList\",\"@id\":\"https:\/\/dulces.mx\/?product=mazapan-de-la-rosa#breadcrumb\",\"itemListElement\":[{\"@type\":\"ListItem\",\"position\":1,\"name\":\"Home\",\"item\":\"https:\/\/dulces.mx\/\"},{\"@type\":\"ListItem\",\"position\":2,\"name\":\"Tienda\",\"item\":\"https:\/\/dulces.mx\/\"},{\"@type\":\"ListItem\",\"position\":3,\"name\":\"Mazap\u00e1n de la Rosa\"}]},{\"@type\":\"WebSite\",\"@id\":\"https:\/\/dulces.mx\/#website\",\"url\":\"https:\/\/dulces.mx\/\",\"name\":\"Compra Dulces T\u00edpicos Mexicanos, env\u00edos a MX, USA y EU | Dulces.mx\",\"description\":\"Lo m\u00e1s dulce de M\u00e9xico!\",\"publisher\":{\"@id\":\"https:\/\/dulces.mx\/#organization\"},\"potentialAction\":[{\"@type\":\"SearchAction\",\"target\":{\"@type\":\"EntryPoint\",\"urlTemplate\":\"https:\/\/dulces.mx\/?s={search_term_string}\"},\"query-input\":{\"@type\":\"PropertyValueSpecification\",\"valueRequired\":true,\"valueName\":\"search_term_string\"}}],\"inLanguage\":\"es\"},{\"@type\":\"Organization\",\"@id\":\"https:\/\/dulces.mx\/#organization\",\"name\":\"Compra Dulces T\u00edpicos Mexicanos, env\u00edos a MX, USA y EU | Dulces.mx\",\"url\":\"https:\/\/dulces.mx\/\",\"logo\":{\"@type\":\"ImageObject\",\"inLanguage\":\"es\",\"@id\":\"https:\/\/dulces.mx\/#\/schema\/logo\/image\/\",\"url\":\"https:\/\/dulces.mx\/wp-content\/uploads\/2019\/12\/dulces-mexico-logo-br.png\",\"contentUrl\":\"https:\/\/dulces.mx\/wp-content\/uploads\/2019\/12\/dulces-mexico-logo-br.png\",\"width\":360,\"height\":160,\"caption\":\"Compra Dulces T\u00edpicos Mexicanos, env\u00edos a MX, USA y EU | Dulces.mx\"},\"image\":{\"@id\":\"https:\/\/dulces.mx\/#\/schema\/logo\/image\/\"}}]}<\/script>\n<!-- \/ Yoast SEO plugin. -->","yoast_head_json":{"title":"Mazap\u00e1n de la Rosa - Compra Dulces T\u00edpicos Mexicanos, env\u00edos a MX, USA y EU | Dulces.mx","robots":{"index":"index","follow":"follow","max-snippet":"max-snippet:-1","max-image-preview":"max-image-preview:large","max-video-preview":"max-video-preview:-1"},"canonical":"https:\/\/dulces.mx\/?product=mazapan-de-la-rosa","og_locale":"es_MX","og_type":"article","og_title":"Mazap\u00e1n de la Rosa - Compra Dulces T\u00edpicos Mexicanos, env\u00edos a MX, USA y EU | Dulces.mx","og_description":"Mazap\u00e1n de la Rosa estilo mexicano.","og_url":"https:\/\/dulces.mx\/?product=mazapan-de-la-rosa","og_site_name":"Compra Dulces T\u00edpicos Mexicanos, env\u00edos a MX, USA y EU | Dulces.mx","article_modified_time":"2022-10-25T04:36:51+00:00","og_image":[{"width":458,"height":458,"url":"https:\/\/dulces.mx\/wp-content\/uploads\/2019\/12\/Mazapan-Mexico-1.jpg","type":"image\/jpeg"}],"twitter_card":"summary_large_image","schema":{"@context":"https:\/\/schema.org","@graph":[{"@type":"WebPage","@id":"https:\/\/dulces.mx\/?product=mazapan-de-la-rosa","url":"https:\/\/dulces.mx\/?product=mazapan-de-la-rosa","name":"Mazap\u00e1n de la Rosa - Compra Dulces T\u00edpicos Mexicanos, env\u00edos a MX, USA y EU | Dulces.mx","isPartOf":{"@id":"https:\/\/dulces.mx\/#website"},"primaryImageOfPage":{"@id":"https:\/\/dulces.mx\/?product=mazapan-de-la-rosa#primaryimage"},"image":{"@id":"https:\/\/dulces.mx\/?product=mazapan-de-la-rosa#primaryimage"},"thumbnailUrl":"https:\/\/dulces.mx\/wp-content\/uploads\/2019\/12\/Mazapan-Mexico-1.jpg","datePublished":"2019-12-11T16:33:41+00:00","dateModified":"2022-10-25T04:36:51+00:00","breadcrumb":{"@id":"https:\/\/dulces.mx\/?product=mazapan-de-la-rosa#breadcrumb"},"inLanguage":"es","potentialAction":[{"@type":"ReadAction","target":["https:\/\/dulces.mx\/?product=mazapan-de-la-rosa"]}]},{"@type":"ImageObject","inLanguage":"es","@id":"https:\/\/dulces.mx\/?product=mazapan-de-la-rosa#primaryimage","url":"https:\/\/dulces.mx\/wp-content\/uploads\/2019\/12\/Mazapan-Mexico-1.jpg","contentUrl":"https:\/\/dulces.mx\/wp-content\/uploads\/2019\/12\/Mazapan-Mexico-1.jpg","width":458,"height":458},{"@type":"BreadcrumbList","@id":"https:\/\/dulces.mx\/?product=mazapan-de-la-rosa#breadcrumb","itemListElement":[{"@type":"ListItem","position":1,"name":"Home","item":"https:\/\/dulces.mx\/"},{"@type":"ListItem","position":2,"name":"Tienda","item":"https:\/\/dulces.mx\/"},{"@type":"ListItem","position":3,"name":"Mazap\u00e1n de la Rosa"}]},{"@type":"WebSite","@id":"https:\/\/dulces.mx\/#website","url":"https:\/\/dulces.mx\/","name":"Compra Dulces T\u00edpicos Mexicanos, env\u00edos a MX, USA y EU | Dulces.mx","description":"Lo m\u00e1s dulce de M\u00e9xico!","publisher":{"@id":"https:\/\/dulces.mx\/#organization"},"potentialAction":[{"@type":"SearchAction","target":{"@type":"EntryPoint","urlTemplate":"https:\/\/dulces.mx\/?s={search_term_string}"},"query-input":{"@type":"PropertyValueSpecification","valueRequired":true,"valueName":"search_term_string"}}],"inLanguage":"es"},{"@type":"Organization","@id":"https:\/\/dulces.mx\/#organization","name":"Compra Dulces T\u00edpicos Mexicanos, env\u00edos a MX, USA y EU | Dulces.mx","url":"https:\/\/dulces.mx\/","logo":{"@type":"ImageObject","inLanguage":"es","@id":"https:\/\/dulces.mx\/#\/schema\/logo\/image\/","url":"https:\/\/dulces.mx\/wp-content\/uploads\/2019\/12\/dulces-mexico-logo-br.png","contentUrl":"https:\/\/dulces.mx\/wp-content\/uploads\/2019\/12\/dulces-mexico-logo-br.png","width":360,"height":160,"caption":"Compra Dulces T\u00edpicos Mexicanos, env\u00edos a MX, USA y EU | Dulces.mx"},"image":{"@id":"https:\/\/dulces.mx\/#\/schema\/logo\/image\/"}}]}},"_links":{"self":[{"href":"https:\/\/dulces.mx\/index.php?rest_route=\/wp\/v2\/product\/122","targetHints":{"allow":["GET"]}}],"collection":[{"href":"https:\/\/dulces.mx\/index.php?rest_route=\/wp\/v2\/product"}],"about":[{"href":"https:\/\/dulces.mx\/index.php?rest_route=\/wp\/v2\/types\/product"}],"wp:featuredmedia":[{"embeddable":true,"href":"https:\/\/dulces.mx\/index.php?rest_route=\/wp\/v2\/media\/788"}],"wp:attachment":[{"href":"https:\/\/dulces.mx\/index.php?rest_route=%2Fwp%2Fv2%2Fmedia&parent=122"}],"wp:term":[{"taxonomy":"product_cat","embeddable":true,"href":"https:\/\/dulces.mx\/index.php?rest_route=%2Fwp%2Fv2%2Fproduct_cat&post=122"},{"taxonomy":"product_tag","embeddable":true,"href":"https:\/\/dulces.mx\/index.php?rest_route=%2Fwp%2Fv2%2Fproduct_tag&post=122"}],"curies":[{"name":"wp","href":"https:\/\/api.w.org\/{rel}","templated":true}]}}