{"id":40,"date":"2019-12-10T17:49:51","date_gmt":"2019-12-10T17:49:51","guid":{"rendered":"https:\/\/dulces.mx\/?post_type=product&#038;p=40"},"modified":"2022-10-25T04:38:36","modified_gmt":"2022-10-25T04:38:36","slug":"jamoncillo-poblano","status":"publish","type":"product","link":"https:\/\/dulces.mx\/?product=jamoncillo-poblano","title":{"rendered":"Jamoncillo"},"content":{"rendered":"<h1>Dulce de jamoncillo artesanal hecho en la Ciudad Puebla de Zaragoza, M\u00e9xico.<\/h1>\n<h2>Dulce hecho a base de semillas de pepita o pi\u00f1\u00f3n.<\/h2>\n<p>Env\u00edos a todo M\u00e9xico, Estados Unidos y Europa.<\/p>\n","protected":false},"excerpt":{"rendered":"<p>Dulce de jamoncillo Artesanal hecho en la Ciudad Puebla de Zaragoza, M\u00e9xico.<\/p>\n","protected":false},"featured_media":45,"template":"","meta":[],"product_cat":[55,27,47,30],"product_tag":[],"class_list":{"0":"post-40","1":"product","2":"type-product","3":"status-publish","4":"has-post-thumbnail","6":"product_cat-dulces-de-michoacan","7":"product_cat-dulces-de-puebla","8":"product_cat-dulces-de-tlaxcala","9":"product_cat-dulces-del-estado-de-mexico","11":"first","12":"instock","13":"shipping-taxable","14":"purchasable","15":"product-type-simple"},"yoast_head":"<!-- This site is optimized with the Yoast SEO plugin v24.9 - https:\/\/yoast.com\/wordpress\/plugins\/seo\/ -->\n<title>Jamoncillo - Compra Dulces T\u00edpicos Mexicanos, env\u00edos a MX, USA y EU | Dulces.mx<\/title>\n<meta name=\"robots\" content=\"index, follow, max-snippet:-1, max-image-preview:large, max-video-preview:-1\" \/>\n<link rel=\"canonical\" href=\"https:\/\/dulces.mx\/?product=jamoncillo-poblano\" \/>\n<meta property=\"og:locale\" content=\"es_MX\" \/>\n<meta property=\"og:type\" content=\"article\" \/>\n<meta property=\"og:title\" content=\"Jamoncillo - Compra Dulces T\u00edpicos Mexicanos, env\u00edos a MX, USA y EU | Dulces.mx\" \/>\n<meta property=\"og:description\" content=\"Dulce de jamoncillo Artesanal hecho en la Ciudad Puebla de Zaragoza, M\u00e9xico.\" \/>\n<meta property=\"og:url\" content=\"https:\/\/dulces.mx\/?product=jamoncillo-poblano\" \/>\n<meta property=\"og:site_name\" content=\"Compra Dulces T\u00edpicos Mexicanos, env\u00edos a MX, USA y EU | Dulces.mx\" \/>\n<meta property=\"article:modified_time\" content=\"2022-10-25T04:38:36+00:00\" \/>\n<meta property=\"og:image\" content=\"https:\/\/dulces.mx\/wp-content\/uploads\/2019\/12\/dule-jamoncillo-puebla-mexico-2.jpg\" \/>\n\t<meta property=\"og:image:width\" content=\"640\" \/>\n\t<meta property=\"og:image:height\" content=\"480\" \/>\n\t<meta property=\"og:image:type\" content=\"image\/jpeg\" \/>\n<meta name=\"twitter:card\" content=\"summary_large_image\" \/>\n<script type=\"application\/ld+json\" class=\"yoast-schema-graph\">{\"@context\":\"https:\/\/schema.org\",\"@graph\":[{\"@type\":\"WebPage\",\"@id\":\"https:\/\/dulces.mx\/?product=jamoncillo-poblano\",\"url\":\"https:\/\/dulces.mx\/?product=jamoncillo-poblano\",\"name\":\"Jamoncillo - Compra Dulces T\u00edpicos Mexicanos, env\u00edos a MX, USA y EU | Dulces.mx\",\"isPartOf\":{\"@id\":\"https:\/\/dulces.mx\/#website\"},\"primaryImageOfPage\":{\"@id\":\"https:\/\/dulces.mx\/?product=jamoncillo-poblano#primaryimage\"},\"image\":{\"@id\":\"https:\/\/dulces.mx\/?product=jamoncillo-poblano#primaryimage\"},\"thumbnailUrl\":\"https:\/\/dulces.mx\/wp-content\/uploads\/2019\/12\/dule-jamoncillo-puebla-mexico-2.jpg\",\"datePublished\":\"2019-12-10T17:49:51+00:00\",\"dateModified\":\"2022-10-25T04:38:36+00:00\",\"breadcrumb\":{\"@id\":\"https:\/\/dulces.mx\/?product=jamoncillo-poblano#breadcrumb\"},\"inLanguage\":\"es\",\"potentialAction\":[{\"@type\":\"ReadAction\",\"target\":[\"https:\/\/dulces.mx\/?product=jamoncillo-poblano\"]}]},{\"@type\":\"ImageObject\",\"inLanguage\":\"es\",\"@id\":\"https:\/\/dulces.mx\/?product=jamoncillo-poblano#primaryimage\",\"url\":\"https:\/\/dulces.mx\/wp-content\/uploads\/2019\/12\/dule-jamoncillo-puebla-mexico-2.jpg\",\"contentUrl\":\"https:\/\/dulces.mx\/wp-content\/uploads\/2019\/12\/dule-jamoncillo-puebla-mexico-2.jpg\",\"width\":640,\"height\":480},{\"@type\":\"BreadcrumbList\",\"@id\":\"https:\/\/dulces.mx\/?product=jamoncillo-poblano#breadcrumb\",\"itemListElement\":[{\"@type\":\"ListItem\",\"position\":1,\"name\":\"Home\",\"item\":\"https:\/\/dulces.mx\/\"},{\"@type\":\"ListItem\",\"position\":2,\"name\":\"Tienda\",\"item\":\"https:\/\/dulces.mx\/\"},{\"@type\":\"ListItem\",\"position\":3,\"name\":\"Jamoncillo\"}]},{\"@type\":\"WebSite\",\"@id\":\"https:\/\/dulces.mx\/#website\",\"url\":\"https:\/\/dulces.mx\/\",\"name\":\"Compra Dulces T\u00edpicos Mexicanos, env\u00edos a MX, USA y EU | Dulces.mx\",\"description\":\"Lo m\u00e1s dulce de M\u00e9xico!\",\"publisher\":{\"@id\":\"https:\/\/dulces.mx\/#organization\"},\"potentialAction\":[{\"@type\":\"SearchAction\",\"target\":{\"@type\":\"EntryPoint\",\"urlTemplate\":\"https:\/\/dulces.mx\/?s={search_term_string}\"},\"query-input\":{\"@type\":\"PropertyValueSpecification\",\"valueRequired\":true,\"valueName\":\"search_term_string\"}}],\"inLanguage\":\"es\"},{\"@type\":\"Organization\",\"@id\":\"https:\/\/dulces.mx\/#organization\",\"name\":\"Compra Dulces T\u00edpicos Mexicanos, env\u00edos a MX, USA y EU | Dulces.mx\",\"url\":\"https:\/\/dulces.mx\/\",\"logo\":{\"@type\":\"ImageObject\",\"inLanguage\":\"es\",\"@id\":\"https:\/\/dulces.mx\/#\/schema\/logo\/image\/\",\"url\":\"https:\/\/dulces.mx\/wp-content\/uploads\/2019\/12\/dulces-mexico-logo-br.png\",\"contentUrl\":\"https:\/\/dulces.mx\/wp-content\/uploads\/2019\/12\/dulces-mexico-logo-br.png\",\"width\":360,\"height\":160,\"caption\":\"Compra Dulces T\u00edpicos Mexicanos, env\u00edos a MX, USA y EU | Dulces.mx\"},\"image\":{\"@id\":\"https:\/\/dulces.mx\/#\/schema\/logo\/image\/\"}}]}<\/script>\n<!-- \/ Yoast SEO plugin. -->","yoast_head_json":{"title":"Jamoncillo - Compra Dulces T\u00edpicos Mexicanos, env\u00edos a MX, USA y EU | Dulces.mx","robots":{"index":"index","follow":"follow","max-snippet":"max-snippet:-1","max-image-preview":"max-image-preview:large","max-video-preview":"max-video-preview:-1"},"canonical":"https:\/\/dulces.mx\/?product=jamoncillo-poblano","og_locale":"es_MX","og_type":"article","og_title":"Jamoncillo - Compra Dulces T\u00edpicos Mexicanos, env\u00edos a MX, USA y EU | Dulces.mx","og_description":"Dulce de jamoncillo Artesanal hecho en la Ciudad Puebla de Zaragoza, M\u00e9xico.","og_url":"https:\/\/dulces.mx\/?product=jamoncillo-poblano","og_site_name":"Compra Dulces T\u00edpicos Mexicanos, env\u00edos a MX, USA y EU | Dulces.mx","article_modified_time":"2022-10-25T04:38:36+00:00","og_image":[{"width":640,"height":480,"url":"https:\/\/dulces.mx\/wp-content\/uploads\/2019\/12\/dule-jamoncillo-puebla-mexico-2.jpg","type":"image\/jpeg"}],"twitter_card":"summary_large_image","schema":{"@context":"https:\/\/schema.org","@graph":[{"@type":"WebPage","@id":"https:\/\/dulces.mx\/?product=jamoncillo-poblano","url":"https:\/\/dulces.mx\/?product=jamoncillo-poblano","name":"Jamoncillo - Compra Dulces T\u00edpicos Mexicanos, env\u00edos a MX, USA y EU | Dulces.mx","isPartOf":{"@id":"https:\/\/dulces.mx\/#website"},"primaryImageOfPage":{"@id":"https:\/\/dulces.mx\/?product=jamoncillo-poblano#primaryimage"},"image":{"@id":"https:\/\/dulces.mx\/?product=jamoncillo-poblano#primaryimage"},"thumbnailUrl":"https:\/\/dulces.mx\/wp-content\/uploads\/2019\/12\/dule-jamoncillo-puebla-mexico-2.jpg","datePublished":"2019-12-10T17:49:51+00:00","dateModified":"2022-10-25T04:38:36+00:00","breadcrumb":{"@id":"https:\/\/dulces.mx\/?product=jamoncillo-poblano#breadcrumb"},"inLanguage":"es","potentialAction":[{"@type":"ReadAction","target":["https:\/\/dulces.mx\/?product=jamoncillo-poblano"]}]},{"@type":"ImageObject","inLanguage":"es","@id":"https:\/\/dulces.mx\/?product=jamoncillo-poblano#primaryimage","url":"https:\/\/dulces.mx\/wp-content\/uploads\/2019\/12\/dule-jamoncillo-puebla-mexico-2.jpg","contentUrl":"https:\/\/dulces.mx\/wp-content\/uploads\/2019\/12\/dule-jamoncillo-puebla-mexico-2.jpg","width":640,"height":480},{"@type":"BreadcrumbList","@id":"https:\/\/dulces.mx\/?product=jamoncillo-poblano#breadcrumb","itemListElement":[{"@type":"ListItem","position":1,"name":"Home","item":"https:\/\/dulces.mx\/"},{"@type":"ListItem","position":2,"name":"Tienda","item":"https:\/\/dulces.mx\/"},{"@type":"ListItem","position":3,"name":"Jamoncillo"}]},{"@type":"WebSite","@id":"https:\/\/dulces.mx\/#website","url":"https:\/\/dulces.mx\/","name":"Compra Dulces T\u00edpicos Mexicanos, env\u00edos a MX, USA y EU | Dulces.mx","description":"Lo m\u00e1s dulce de M\u00e9xico!","publisher":{"@id":"https:\/\/dulces.mx\/#organization"},"potentialAction":[{"@type":"SearchAction","target":{"@type":"EntryPoint","urlTemplate":"https:\/\/dulces.mx\/?s={search_term_string}"},"query-input":{"@type":"PropertyValueSpecification","valueRequired":true,"valueName":"search_term_string"}}],"inLanguage":"es"},{"@type":"Organization","@id":"https:\/\/dulces.mx\/#organization","name":"Compra Dulces T\u00edpicos Mexicanos, env\u00edos a MX, USA y EU | Dulces.mx","url":"https:\/\/dulces.mx\/","logo":{"@type":"ImageObject","inLanguage":"es","@id":"https:\/\/dulces.mx\/#\/schema\/logo\/image\/","url":"https:\/\/dulces.mx\/wp-content\/uploads\/2019\/12\/dulces-mexico-logo-br.png","contentUrl":"https:\/\/dulces.mx\/wp-content\/uploads\/2019\/12\/dulces-mexico-logo-br.png","width":360,"height":160,"caption":"Compra Dulces T\u00edpicos Mexicanos, env\u00edos a MX, USA y EU | Dulces.mx"},"image":{"@id":"https:\/\/dulces.mx\/#\/schema\/logo\/image\/"}}]}},"_links":{"self":[{"href":"https:\/\/dulces.mx\/index.php?rest_route=\/wp\/v2\/product\/40","targetHints":{"allow":["GET"]}}],"collection":[{"href":"https:\/\/dulces.mx\/index.php?rest_route=\/wp\/v2\/product"}],"about":[{"href":"https:\/\/dulces.mx\/index.php?rest_route=\/wp\/v2\/types\/product"}],"wp:featuredmedia":[{"embeddable":true,"href":"https:\/\/dulces.mx\/index.php?rest_route=\/wp\/v2\/media\/45"}],"wp:attachment":[{"href":"https:\/\/dulces.mx\/index.php?rest_route=%2Fwp%2Fv2%2Fmedia&parent=40"}],"wp:term":[{"taxonomy":"product_cat","embeddable":true,"href":"https:\/\/dulces.mx\/index.php?rest_route=%2Fwp%2Fv2%2Fproduct_cat&post=40"},{"taxonomy":"product_tag","embeddable":true,"href":"https:\/\/dulces.mx\/index.php?rest_route=%2Fwp%2Fv2%2Fproduct_tag&post=40"}],"curies":[{"name":"wp","href":"https:\/\/api.w.org\/{rel}","templated":true}]}}