{"id":665,"date":"2019-12-20T19:10:11","date_gmt":"2019-12-20T19:10:11","guid":{"rendered":"https:\/\/dulces.mx\/?post_type=product&#038;p=665"},"modified":"2022-10-25T04:01:10","modified_gmt":"2022-10-25T04:01:10","slug":"cachetadas-dulces","status":"publish","type":"product","link":"https:\/\/dulces.mx\/?product=cachetadas-dulces","title":{"rendered":"Cachetada Dulce 9,5g"},"content":{"rendered":"<h1>Caramelo sabor tutti-fruti Cachetadas.<\/h1>\n<h2>Placa de caramelo suave con colorante y saborizante de tutti-frutti.<\/h2>\n<p>Env\u00edos a todo M\u00e9xico, Estados Unidos y Europa.<\/p>\n","protected":false},"excerpt":{"rendered":"<p>Caramelo sabor tutti-fruti Cachetadas.<\/p>\n","protected":false},"featured_media":666,"template":"","meta":[],"product_cat":[21],"product_tag":[],"class_list":{"0":"post-665","1":"product","2":"type-product","3":"status-publish","4":"has-post-thumbnail","6":"product_cat-dulces-mexicanos","8":"first","9":"instock","10":"shipping-taxable","11":"purchasable","12":"product-type-simple"},"yoast_head":"<!-- This site is optimized with the Yoast SEO plugin v24.9 - https:\/\/yoast.com\/wordpress\/plugins\/seo\/ -->\n<title>Cachetada Dulce 9,5g - Compra Dulces T\u00edpicos Mexicanos, env\u00edos a MX, USA y EU | Dulces.mx<\/title>\n<meta name=\"robots\" content=\"index, follow, max-snippet:-1, max-image-preview:large, max-video-preview:-1\" \/>\n<link rel=\"canonical\" href=\"https:\/\/dulces.mx\/?product=cachetadas-dulces\" \/>\n<meta property=\"og:locale\" content=\"es_MX\" \/>\n<meta property=\"og:type\" content=\"article\" \/>\n<meta property=\"og:title\" content=\"Cachetada Dulce 9,5g - Compra Dulces T\u00edpicos Mexicanos, env\u00edos a MX, USA y EU | Dulces.mx\" \/>\n<meta property=\"og:description\" content=\"Caramelo sabor tutti-fruti Cachetadas.\" \/>\n<meta property=\"og:url\" content=\"https:\/\/dulces.mx\/?product=cachetadas-dulces\" \/>\n<meta property=\"og:site_name\" content=\"Compra Dulces T\u00edpicos Mexicanos, env\u00edos a MX, USA y EU | Dulces.mx\" \/>\n<meta property=\"article:modified_time\" content=\"2022-10-25T04:01:10+00:00\" \/>\n<meta property=\"og:image\" content=\"https:\/\/dulces.mx\/wp-content\/uploads\/2019\/12\/cachetadas-dulces-mexico.jpg\" \/>\n\t<meta property=\"og:image:width\" content=\"257\" \/>\n\t<meta property=\"og:image:height\" content=\"320\" \/>\n\t<meta property=\"og:image:type\" content=\"image\/jpeg\" \/>\n<meta name=\"twitter:card\" content=\"summary_large_image\" \/>\n<script type=\"application\/ld+json\" class=\"yoast-schema-graph\">{\"@context\":\"https:\/\/schema.org\",\"@graph\":[{\"@type\":\"WebPage\",\"@id\":\"https:\/\/dulces.mx\/?product=cachetadas-dulces\",\"url\":\"https:\/\/dulces.mx\/?product=cachetadas-dulces\",\"name\":\"Cachetada Dulce 9,5g - Compra Dulces T\u00edpicos Mexicanos, env\u00edos a MX, USA y EU | Dulces.mx\",\"isPartOf\":{\"@id\":\"https:\/\/dulces.mx\/#website\"},\"primaryImageOfPage\":{\"@id\":\"https:\/\/dulces.mx\/?product=cachetadas-dulces#primaryimage\"},\"image\":{\"@id\":\"https:\/\/dulces.mx\/?product=cachetadas-dulces#primaryimage\"},\"thumbnailUrl\":\"https:\/\/dulces.mx\/wp-content\/uploads\/2019\/12\/cachetadas-dulces-mexico.jpg\",\"datePublished\":\"2019-12-20T19:10:11+00:00\",\"dateModified\":\"2022-10-25T04:01:10+00:00\",\"breadcrumb\":{\"@id\":\"https:\/\/dulces.mx\/?product=cachetadas-dulces#breadcrumb\"},\"inLanguage\":\"es\",\"potentialAction\":[{\"@type\":\"ReadAction\",\"target\":[\"https:\/\/dulces.mx\/?product=cachetadas-dulces\"]}]},{\"@type\":\"ImageObject\",\"inLanguage\":\"es\",\"@id\":\"https:\/\/dulces.mx\/?product=cachetadas-dulces#primaryimage\",\"url\":\"https:\/\/dulces.mx\/wp-content\/uploads\/2019\/12\/cachetadas-dulces-mexico.jpg\",\"contentUrl\":\"https:\/\/dulces.mx\/wp-content\/uploads\/2019\/12\/cachetadas-dulces-mexico.jpg\",\"width\":257,\"height\":320},{\"@type\":\"BreadcrumbList\",\"@id\":\"https:\/\/dulces.mx\/?product=cachetadas-dulces#breadcrumb\",\"itemListElement\":[{\"@type\":\"ListItem\",\"position\":1,\"name\":\"Home\",\"item\":\"https:\/\/dulces.mx\/\"},{\"@type\":\"ListItem\",\"position\":2,\"name\":\"Tienda\",\"item\":\"https:\/\/dulces.mx\/\"},{\"@type\":\"ListItem\",\"position\":3,\"name\":\"Cachetada Dulce 9,5g\"}]},{\"@type\":\"WebSite\",\"@id\":\"https:\/\/dulces.mx\/#website\",\"url\":\"https:\/\/dulces.mx\/\",\"name\":\"Compra Dulces T\u00edpicos Mexicanos, env\u00edos a MX, USA y EU | Dulces.mx\",\"description\":\"Lo m\u00e1s dulce de M\u00e9xico!\",\"publisher\":{\"@id\":\"https:\/\/dulces.mx\/#organization\"},\"potentialAction\":[{\"@type\":\"SearchAction\",\"target\":{\"@type\":\"EntryPoint\",\"urlTemplate\":\"https:\/\/dulces.mx\/?s={search_term_string}\"},\"query-input\":{\"@type\":\"PropertyValueSpecification\",\"valueRequired\":true,\"valueName\":\"search_term_string\"}}],\"inLanguage\":\"es\"},{\"@type\":\"Organization\",\"@id\":\"https:\/\/dulces.mx\/#organization\",\"name\":\"Compra Dulces T\u00edpicos Mexicanos, env\u00edos a MX, USA y EU | Dulces.mx\",\"url\":\"https:\/\/dulces.mx\/\",\"logo\":{\"@type\":\"ImageObject\",\"inLanguage\":\"es\",\"@id\":\"https:\/\/dulces.mx\/#\/schema\/logo\/image\/\",\"url\":\"https:\/\/dulces.mx\/wp-content\/uploads\/2019\/12\/dulces-mexico-logo-br.png\",\"contentUrl\":\"https:\/\/dulces.mx\/wp-content\/uploads\/2019\/12\/dulces-mexico-logo-br.png\",\"width\":360,\"height\":160,\"caption\":\"Compra Dulces T\u00edpicos Mexicanos, env\u00edos a MX, USA y EU | Dulces.mx\"},\"image\":{\"@id\":\"https:\/\/dulces.mx\/#\/schema\/logo\/image\/\"}}]}<\/script>\n<!-- \/ Yoast SEO plugin. -->","yoast_head_json":{"title":"Cachetada Dulce 9,5g - Compra Dulces T\u00edpicos Mexicanos, env\u00edos a MX, USA y EU | Dulces.mx","robots":{"index":"index","follow":"follow","max-snippet":"max-snippet:-1","max-image-preview":"max-image-preview:large","max-video-preview":"max-video-preview:-1"},"canonical":"https:\/\/dulces.mx\/?product=cachetadas-dulces","og_locale":"es_MX","og_type":"article","og_title":"Cachetada Dulce 9,5g - Compra Dulces T\u00edpicos Mexicanos, env\u00edos a MX, USA y EU | Dulces.mx","og_description":"Caramelo sabor tutti-fruti Cachetadas.","og_url":"https:\/\/dulces.mx\/?product=cachetadas-dulces","og_site_name":"Compra Dulces T\u00edpicos Mexicanos, env\u00edos a MX, USA y EU | Dulces.mx","article_modified_time":"2022-10-25T04:01:10+00:00","og_image":[{"width":257,"height":320,"url":"https:\/\/dulces.mx\/wp-content\/uploads\/2019\/12\/cachetadas-dulces-mexico.jpg","type":"image\/jpeg"}],"twitter_card":"summary_large_image","schema":{"@context":"https:\/\/schema.org","@graph":[{"@type":"WebPage","@id":"https:\/\/dulces.mx\/?product=cachetadas-dulces","url":"https:\/\/dulces.mx\/?product=cachetadas-dulces","name":"Cachetada Dulce 9,5g - Compra Dulces T\u00edpicos Mexicanos, env\u00edos a MX, USA y EU | Dulces.mx","isPartOf":{"@id":"https:\/\/dulces.mx\/#website"},"primaryImageOfPage":{"@id":"https:\/\/dulces.mx\/?product=cachetadas-dulces#primaryimage"},"image":{"@id":"https:\/\/dulces.mx\/?product=cachetadas-dulces#primaryimage"},"thumbnailUrl":"https:\/\/dulces.mx\/wp-content\/uploads\/2019\/12\/cachetadas-dulces-mexico.jpg","datePublished":"2019-12-20T19:10:11+00:00","dateModified":"2022-10-25T04:01:10+00:00","breadcrumb":{"@id":"https:\/\/dulces.mx\/?product=cachetadas-dulces#breadcrumb"},"inLanguage":"es","potentialAction":[{"@type":"ReadAction","target":["https:\/\/dulces.mx\/?product=cachetadas-dulces"]}]},{"@type":"ImageObject","inLanguage":"es","@id":"https:\/\/dulces.mx\/?product=cachetadas-dulces#primaryimage","url":"https:\/\/dulces.mx\/wp-content\/uploads\/2019\/12\/cachetadas-dulces-mexico.jpg","contentUrl":"https:\/\/dulces.mx\/wp-content\/uploads\/2019\/12\/cachetadas-dulces-mexico.jpg","width":257,"height":320},{"@type":"BreadcrumbList","@id":"https:\/\/dulces.mx\/?product=cachetadas-dulces#breadcrumb","itemListElement":[{"@type":"ListItem","position":1,"name":"Home","item":"https:\/\/dulces.mx\/"},{"@type":"ListItem","position":2,"name":"Tienda","item":"https:\/\/dulces.mx\/"},{"@type":"ListItem","position":3,"name":"Cachetada Dulce 9,5g"}]},{"@type":"WebSite","@id":"https:\/\/dulces.mx\/#website","url":"https:\/\/dulces.mx\/","name":"Compra Dulces T\u00edpicos Mexicanos, env\u00edos a MX, USA y EU | Dulces.mx","description":"Lo m\u00e1s dulce de M\u00e9xico!","publisher":{"@id":"https:\/\/dulces.mx\/#organization"},"potentialAction":[{"@type":"SearchAction","target":{"@type":"EntryPoint","urlTemplate":"https:\/\/dulces.mx\/?s={search_term_string}"},"query-input":{"@type":"PropertyValueSpecification","valueRequired":true,"valueName":"search_term_string"}}],"inLanguage":"es"},{"@type":"Organization","@id":"https:\/\/dulces.mx\/#organization","name":"Compra Dulces T\u00edpicos Mexicanos, env\u00edos a MX, USA y EU | Dulces.mx","url":"https:\/\/dulces.mx\/","logo":{"@type":"ImageObject","inLanguage":"es","@id":"https:\/\/dulces.mx\/#\/schema\/logo\/image\/","url":"https:\/\/dulces.mx\/wp-content\/uploads\/2019\/12\/dulces-mexico-logo-br.png","contentUrl":"https:\/\/dulces.mx\/wp-content\/uploads\/2019\/12\/dulces-mexico-logo-br.png","width":360,"height":160,"caption":"Compra Dulces T\u00edpicos Mexicanos, env\u00edos a MX, USA y EU | Dulces.mx"},"image":{"@id":"https:\/\/dulces.mx\/#\/schema\/logo\/image\/"}}]}},"_links":{"self":[{"href":"https:\/\/dulces.mx\/index.php?rest_route=\/wp\/v2\/product\/665","targetHints":{"allow":["GET"]}}],"collection":[{"href":"https:\/\/dulces.mx\/index.php?rest_route=\/wp\/v2\/product"}],"about":[{"href":"https:\/\/dulces.mx\/index.php?rest_route=\/wp\/v2\/types\/product"}],"wp:featuredmedia":[{"embeddable":true,"href":"https:\/\/dulces.mx\/index.php?rest_route=\/wp\/v2\/media\/666"}],"wp:attachment":[{"href":"https:\/\/dulces.mx\/index.php?rest_route=%2Fwp%2Fv2%2Fmedia&parent=665"}],"wp:term":[{"taxonomy":"product_cat","embeddable":true,"href":"https:\/\/dulces.mx\/index.php?rest_route=%2Fwp%2Fv2%2Fproduct_cat&post=665"},{"taxonomy":"product_tag","embeddable":true,"href":"https:\/\/dulces.mx\/index.php?rest_route=%2Fwp%2Fv2%2Fproduct_tag&post=665"}],"curies":[{"name":"wp","href":"https:\/\/api.w.org\/{rel}","templated":true}]}}