{"id":842,"date":"2019-12-26T17:28:25","date_gmt":"2019-12-26T17:28:25","guid":{"rendered":"https:\/\/dulces.mx\/?post_type=product&#038;p=842"},"modified":"2022-10-25T03:44:01","modified_gmt":"2022-10-25T03:44:01","slug":"canastita-la-corona","status":"publish","type":"product","link":"https:\/\/dulces.mx\/?product=canastita-la-corona","title":{"rendered":"Canastitas de Rompope (50 unidades)"},"content":{"rendered":"<h1>Canastitas de chocolate rellenas, La Corona.<\/h1>\n<h2>Chocolate macizo rellenas de rompope.<\/h2>\n<p>Env\u00edos a todo M\u00e9xico, Estados Unidos y Europa.<\/p>\n","protected":false},"excerpt":{"rendered":"<p>Canastitas de chocolate rellenas, La Corona.<\/p>\n","protected":false},"featured_media":849,"template":"","meta":[],"product_cat":[21],"product_tag":[],"class_list":{"0":"post-842","1":"product","2":"type-product","3":"status-publish","4":"has-post-thumbnail","6":"product_cat-dulces-mexicanos","8":"first","9":"instock","10":"shipping-taxable","11":"purchasable","12":"product-type-simple"},"yoast_head":"<!-- This site is optimized with the Yoast SEO plugin v24.9 - https:\/\/yoast.com\/wordpress\/plugins\/seo\/ -->\n<title>Canastitas de Rompope (50 unidades) - Compra Dulces T\u00edpicos Mexicanos, env\u00edos a MX, USA y EU | Dulces.mx<\/title>\n<meta name=\"robots\" content=\"index, follow, max-snippet:-1, max-image-preview:large, max-video-preview:-1\" \/>\n<link rel=\"canonical\" href=\"https:\/\/dulces.mx\/?product=canastita-la-corona\" \/>\n<meta property=\"og:locale\" content=\"es_MX\" \/>\n<meta property=\"og:type\" content=\"article\" \/>\n<meta property=\"og:title\" content=\"Canastitas de Rompope (50 unidades) - Compra Dulces T\u00edpicos Mexicanos, env\u00edos a MX, USA y EU | Dulces.mx\" \/>\n<meta property=\"og:description\" content=\"Canastitas de chocolate rellenas, La Corona.\" \/>\n<meta property=\"og:url\" content=\"https:\/\/dulces.mx\/?product=canastita-la-corona\" \/>\n<meta property=\"og:site_name\" content=\"Compra Dulces T\u00edpicos Mexicanos, env\u00edos a MX, USA y EU | Dulces.mx\" \/>\n<meta property=\"article:modified_time\" content=\"2022-10-25T03:44:01+00:00\" \/>\n<meta property=\"og:image\" content=\"https:\/\/dulces.mx\/wp-content\/uploads\/2019\/12\/Canastitas-mexico.png\" \/>\n\t<meta property=\"og:image:width\" content=\"600\" \/>\n\t<meta property=\"og:image:height\" content=\"400\" \/>\n\t<meta property=\"og:image:type\" content=\"image\/png\" \/>\n<meta name=\"twitter:card\" content=\"summary_large_image\" \/>\n<script type=\"application\/ld+json\" class=\"yoast-schema-graph\">{\"@context\":\"https:\/\/schema.org\",\"@graph\":[{\"@type\":\"WebPage\",\"@id\":\"https:\/\/dulces.mx\/?product=canastita-la-corona\",\"url\":\"https:\/\/dulces.mx\/?product=canastita-la-corona\",\"name\":\"Canastitas de Rompope (50 unidades) - Compra Dulces T\u00edpicos Mexicanos, env\u00edos a MX, USA y EU | Dulces.mx\",\"isPartOf\":{\"@id\":\"https:\/\/dulces.mx\/#website\"},\"primaryImageOfPage\":{\"@id\":\"https:\/\/dulces.mx\/?product=canastita-la-corona#primaryimage\"},\"image\":{\"@id\":\"https:\/\/dulces.mx\/?product=canastita-la-corona#primaryimage\"},\"thumbnailUrl\":\"https:\/\/dulces.mx\/wp-content\/uploads\/2019\/12\/Canastitas-mexico.png\",\"datePublished\":\"2019-12-26T17:28:25+00:00\",\"dateModified\":\"2022-10-25T03:44:01+00:00\",\"breadcrumb\":{\"@id\":\"https:\/\/dulces.mx\/?product=canastita-la-corona#breadcrumb\"},\"inLanguage\":\"es\",\"potentialAction\":[{\"@type\":\"ReadAction\",\"target\":[\"https:\/\/dulces.mx\/?product=canastita-la-corona\"]}]},{\"@type\":\"ImageObject\",\"inLanguage\":\"es\",\"@id\":\"https:\/\/dulces.mx\/?product=canastita-la-corona#primaryimage\",\"url\":\"https:\/\/dulces.mx\/wp-content\/uploads\/2019\/12\/Canastitas-mexico.png\",\"contentUrl\":\"https:\/\/dulces.mx\/wp-content\/uploads\/2019\/12\/Canastitas-mexico.png\",\"width\":600,\"height\":400},{\"@type\":\"BreadcrumbList\",\"@id\":\"https:\/\/dulces.mx\/?product=canastita-la-corona#breadcrumb\",\"itemListElement\":[{\"@type\":\"ListItem\",\"position\":1,\"name\":\"Home\",\"item\":\"https:\/\/dulces.mx\/\"},{\"@type\":\"ListItem\",\"position\":2,\"name\":\"Tienda\",\"item\":\"https:\/\/dulces.mx\/\"},{\"@type\":\"ListItem\",\"position\":3,\"name\":\"Canastitas de Rompope (50 unidades)\"}]},{\"@type\":\"WebSite\",\"@id\":\"https:\/\/dulces.mx\/#website\",\"url\":\"https:\/\/dulces.mx\/\",\"name\":\"Compra Dulces T\u00edpicos Mexicanos, env\u00edos a MX, USA y EU | Dulces.mx\",\"description\":\"Lo m\u00e1s dulce de M\u00e9xico!\",\"publisher\":{\"@id\":\"https:\/\/dulces.mx\/#organization\"},\"potentialAction\":[{\"@type\":\"SearchAction\",\"target\":{\"@type\":\"EntryPoint\",\"urlTemplate\":\"https:\/\/dulces.mx\/?s={search_term_string}\"},\"query-input\":{\"@type\":\"PropertyValueSpecification\",\"valueRequired\":true,\"valueName\":\"search_term_string\"}}],\"inLanguage\":\"es\"},{\"@type\":\"Organization\",\"@id\":\"https:\/\/dulces.mx\/#organization\",\"name\":\"Compra Dulces T\u00edpicos Mexicanos, env\u00edos a MX, USA y EU | Dulces.mx\",\"url\":\"https:\/\/dulces.mx\/\",\"logo\":{\"@type\":\"ImageObject\",\"inLanguage\":\"es\",\"@id\":\"https:\/\/dulces.mx\/#\/schema\/logo\/image\/\",\"url\":\"https:\/\/dulces.mx\/wp-content\/uploads\/2019\/12\/dulces-mexico-logo-br.png\",\"contentUrl\":\"https:\/\/dulces.mx\/wp-content\/uploads\/2019\/12\/dulces-mexico-logo-br.png\",\"width\":360,\"height\":160,\"caption\":\"Compra Dulces T\u00edpicos Mexicanos, env\u00edos a MX, USA y EU | Dulces.mx\"},\"image\":{\"@id\":\"https:\/\/dulces.mx\/#\/schema\/logo\/image\/\"}}]}<\/script>\n<!-- \/ Yoast SEO plugin. -->","yoast_head_json":{"title":"Canastitas de Rompope (50 unidades) - Compra Dulces T\u00edpicos Mexicanos, env\u00edos a MX, USA y EU | Dulces.mx","robots":{"index":"index","follow":"follow","max-snippet":"max-snippet:-1","max-image-preview":"max-image-preview:large","max-video-preview":"max-video-preview:-1"},"canonical":"https:\/\/dulces.mx\/?product=canastita-la-corona","og_locale":"es_MX","og_type":"article","og_title":"Canastitas de Rompope (50 unidades) - Compra Dulces T\u00edpicos Mexicanos, env\u00edos a MX, USA y EU | Dulces.mx","og_description":"Canastitas de chocolate rellenas, La Corona.","og_url":"https:\/\/dulces.mx\/?product=canastita-la-corona","og_site_name":"Compra Dulces T\u00edpicos Mexicanos, env\u00edos a MX, USA y EU | Dulces.mx","article_modified_time":"2022-10-25T03:44:01+00:00","og_image":[{"width":600,"height":400,"url":"https:\/\/dulces.mx\/wp-content\/uploads\/2019\/12\/Canastitas-mexico.png","type":"image\/png"}],"twitter_card":"summary_large_image","schema":{"@context":"https:\/\/schema.org","@graph":[{"@type":"WebPage","@id":"https:\/\/dulces.mx\/?product=canastita-la-corona","url":"https:\/\/dulces.mx\/?product=canastita-la-corona","name":"Canastitas de Rompope (50 unidades) - Compra Dulces T\u00edpicos Mexicanos, env\u00edos a MX, USA y EU | Dulces.mx","isPartOf":{"@id":"https:\/\/dulces.mx\/#website"},"primaryImageOfPage":{"@id":"https:\/\/dulces.mx\/?product=canastita-la-corona#primaryimage"},"image":{"@id":"https:\/\/dulces.mx\/?product=canastita-la-corona#primaryimage"},"thumbnailUrl":"https:\/\/dulces.mx\/wp-content\/uploads\/2019\/12\/Canastitas-mexico.png","datePublished":"2019-12-26T17:28:25+00:00","dateModified":"2022-10-25T03:44:01+00:00","breadcrumb":{"@id":"https:\/\/dulces.mx\/?product=canastita-la-corona#breadcrumb"},"inLanguage":"es","potentialAction":[{"@type":"ReadAction","target":["https:\/\/dulces.mx\/?product=canastita-la-corona"]}]},{"@type":"ImageObject","inLanguage":"es","@id":"https:\/\/dulces.mx\/?product=canastita-la-corona#primaryimage","url":"https:\/\/dulces.mx\/wp-content\/uploads\/2019\/12\/Canastitas-mexico.png","contentUrl":"https:\/\/dulces.mx\/wp-content\/uploads\/2019\/12\/Canastitas-mexico.png","width":600,"height":400},{"@type":"BreadcrumbList","@id":"https:\/\/dulces.mx\/?product=canastita-la-corona#breadcrumb","itemListElement":[{"@type":"ListItem","position":1,"name":"Home","item":"https:\/\/dulces.mx\/"},{"@type":"ListItem","position":2,"name":"Tienda","item":"https:\/\/dulces.mx\/"},{"@type":"ListItem","position":3,"name":"Canastitas de Rompope (50 unidades)"}]},{"@type":"WebSite","@id":"https:\/\/dulces.mx\/#website","url":"https:\/\/dulces.mx\/","name":"Compra Dulces T\u00edpicos Mexicanos, env\u00edos a MX, USA y EU | Dulces.mx","description":"Lo m\u00e1s dulce de M\u00e9xico!","publisher":{"@id":"https:\/\/dulces.mx\/#organization"},"potentialAction":[{"@type":"SearchAction","target":{"@type":"EntryPoint","urlTemplate":"https:\/\/dulces.mx\/?s={search_term_string}"},"query-input":{"@type":"PropertyValueSpecification","valueRequired":true,"valueName":"search_term_string"}}],"inLanguage":"es"},{"@type":"Organization","@id":"https:\/\/dulces.mx\/#organization","name":"Compra Dulces T\u00edpicos Mexicanos, env\u00edos a MX, USA y EU | Dulces.mx","url":"https:\/\/dulces.mx\/","logo":{"@type":"ImageObject","inLanguage":"es","@id":"https:\/\/dulces.mx\/#\/schema\/logo\/image\/","url":"https:\/\/dulces.mx\/wp-content\/uploads\/2019\/12\/dulces-mexico-logo-br.png","contentUrl":"https:\/\/dulces.mx\/wp-content\/uploads\/2019\/12\/dulces-mexico-logo-br.png","width":360,"height":160,"caption":"Compra Dulces T\u00edpicos Mexicanos, env\u00edos a MX, USA y EU | Dulces.mx"},"image":{"@id":"https:\/\/dulces.mx\/#\/schema\/logo\/image\/"}}]}},"_links":{"self":[{"href":"https:\/\/dulces.mx\/index.php?rest_route=\/wp\/v2\/product\/842","targetHints":{"allow":["GET"]}}],"collection":[{"href":"https:\/\/dulces.mx\/index.php?rest_route=\/wp\/v2\/product"}],"about":[{"href":"https:\/\/dulces.mx\/index.php?rest_route=\/wp\/v2\/types\/product"}],"wp:featuredmedia":[{"embeddable":true,"href":"https:\/\/dulces.mx\/index.php?rest_route=\/wp\/v2\/media\/849"}],"wp:attachment":[{"href":"https:\/\/dulces.mx\/index.php?rest_route=%2Fwp%2Fv2%2Fmedia&parent=842"}],"wp:term":[{"taxonomy":"product_cat","embeddable":true,"href":"https:\/\/dulces.mx\/index.php?rest_route=%2Fwp%2Fv2%2Fproduct_cat&post=842"},{"taxonomy":"product_tag","embeddable":true,"href":"https:\/\/dulces.mx\/index.php?rest_route=%2Fwp%2Fv2%2Fproduct_tag&post=842"}],"curies":[{"name":"wp","href":"https:\/\/api.w.org\/{rel}","templated":true}]}}